{"id":65,"date":"2017-09-28T22:08:33","date_gmt":"2017-09-28T21:08:33","guid":{"rendered":"http:\/\/caritas.diecezja.wloclawek.pl\/?page_id=65"},"modified":"2021-06-18T14:34:50","modified_gmt":"2021-06-18T13:34:50","slug":"65-2","status":"publish","type":"page","link":"http:\/\/caritas.diecezja.wloclawek.pl\/?page_id=65","title":{"rendered":"DOM DZIECKA CARITAS IM. KS. BISKUPA W. OWCZARKA"},"content":{"rendered":"<p><strong>adres: <\/strong>ul. Le\u015bna 2a, 87-800 W\u0142oc\u0142awek<strong><br \/>\n<\/strong><\/p>\n<p><strong>tel.: <\/strong>54 233 00 60, <strong>kom.: <\/strong>518 014 559<\/p>\n<p>&nbsp;<\/p>\n<p><strong>NUMER KONTA:<\/strong><\/p>\n<p style=\"text-align: left;\">PEKAO SA I O\/W\u0142oc\u0142awek<\/p>\n<p style=\"text-align: left;\">nr <strong>57 1240 3389 1111 0010 1339 8588<\/strong><\/p>\n<p>&nbsp;<\/p>\n<p><strong>strona internetowa:<\/strong>\u00a0<a href=\"http:\/\/www.boze-dzieci.pl\">www.bo\u017ce-dzieci.pl<\/a><\/p>\n<p>&nbsp;<\/p>\n<p><img loading=\"lazy\" class=\"wp-image-66 aligncenter\" src=\"http:\/\/caritas.diecezja.wloclawek.pl\/wp-content\/uploads\/2017\/09\/dd1z-300x300.jpg\" alt=\"\" width=\"370\" height=\"370\" srcset=\"http:\/\/caritas.diecezja.wloclawek.pl\/wp-content\/uploads\/2017\/09\/dd1z-300x300.jpg 300w, http:\/\/caritas.diecezja.wloclawek.pl\/wp-content\/uploads\/2017\/09\/dd1z-150x150.jpg 150w, http:\/\/caritas.diecezja.wloclawek.pl\/wp-content\/uploads\/2017\/09\/dd1z-160x160.jpg 160w, http:\/\/caritas.diecezja.wloclawek.pl\/wp-content\/uploads\/2017\/09\/dd1z-320x320.jpg 320w, http:\/\/caritas.diecezja.wloclawek.pl\/wp-content\/uploads\/2017\/09\/dd1z.jpg 404w\" sizes=\"(max-width: 370px) 100vw, 370px\" \/><\/p>\n<p><strong>Dom Dziecka<\/strong> jest nowym dzie\u0142em Caritas Diecezji W\u0142oc\u0142awskiej. Rozpocz\u0105\u0142 swoje funkcjonowanie dn. 1 kwietnia 2007r. Mie\u015bci si\u0119 w budynku Zgromadzenia Si\u00f3str Wsp\u00f3lnej Pracy od Niepokalanej Maryi przy ul. Le\u015bnej 2a. Docelowo b\u0119dzie w nim mieszka\u0142o 14 dzieci z W\u0142oc\u0142awka. Dyrektorem Domu zosta\u0142a s.\u00a0Jolanta Go\u0142\u0119biowska ZSNM, a wraz z ni\u0105 prac\u0119 podj\u0119\u0142o 15 os\u00f3b (m.in. pedagodzy, wychowawcy, psycholog, prac. socjalny, piel\u0119gniarka, kucharki).<\/p>\n<p>&nbsp;<\/p>\n<p><img loading=\"lazy\" class=\"wp-image-67 aligncenter\" src=\"http:\/\/caritas.diecezja.wloclawek.pl\/wp-content\/uploads\/2017\/09\/dd2z-300x300.jpg\" alt=\"\" width=\"411\" height=\"411\" srcset=\"http:\/\/caritas.diecezja.wloclawek.pl\/wp-content\/uploads\/2017\/09\/dd2z-300x300.jpg 300w, http:\/\/caritas.diecezja.wloclawek.pl\/wp-content\/uploads\/2017\/09\/dd2z-150x150.jpg 150w, http:\/\/caritas.diecezja.wloclawek.pl\/wp-content\/uploads\/2017\/09\/dd2z-160x160.jpg 160w, http:\/\/caritas.diecezja.wloclawek.pl\/wp-content\/uploads\/2017\/09\/dd2z-320x320.jpg 320w, http:\/\/caritas.diecezja.wloclawek.pl\/wp-content\/uploads\/2017\/09\/dd2z.jpg 404w\" sizes=\"(max-width: 411px) 100vw, 411px\" \/><\/p>\n<p>&nbsp;<\/p>\n<p>Dom Dziecka kieruje si\u0119 przes\u0142aniem bp. Owczarka: \u201eMi\u0142o\u015b\u0107 bli\u017aniego jest probierzem niezawodnym mi\u0142o\u015bci Boga\u201d. Powstanie nowej plac\u00f3wki wynika z potrzeb spo\u0142ecze\u0144stwa w\u0142oc\u0142awskiego, a jej g\u0142\u00f3wnym celem jest stworzenie \u017cyczliwego, bezpiecznego domu, kt\u00f3ry b\u0119dzie si\u0119 stara\u0142 zrekompensowa\u0107 dzieciom brak ciep\u0142a, mi\u0142o\u015bci i troski ze strony rodzic\u00f3w. Jest to dom, kt\u00f3ry przekazuje dzieciom warto\u015bci chrze\u015bcija\u0144skie, uczy wsp\u00f3\u0142pracy i wzajemnej mi\u0142o\u015bci.<\/p>\n<p><img loading=\"lazy\" class=\"wp-image-68 aligncenter\" src=\"http:\/\/caritas.diecezja.wloclawek.pl\/wp-content\/uploads\/2017\/09\/dd6z-1-300x300.jpg\" alt=\"\" width=\"419\" height=\"419\" srcset=\"http:\/\/caritas.diecezja.wloclawek.pl\/wp-content\/uploads\/2017\/09\/dd6z-1-300x300.jpg 300w, http:\/\/caritas.diecezja.wloclawek.pl\/wp-content\/uploads\/2017\/09\/dd6z-1-150x150.jpg 150w, http:\/\/caritas.diecezja.wloclawek.pl\/wp-content\/uploads\/2017\/09\/dd6z-1-160x160.jpg 160w, http:\/\/caritas.diecezja.wloclawek.pl\/wp-content\/uploads\/2017\/09\/dd6z-1-320x320.jpg 320w, http:\/\/caritas.diecezja.wloclawek.pl\/wp-content\/uploads\/2017\/09\/dd6z-1.jpg 404w\" sizes=\"(max-width: 419px) 100vw, 419px\" \/><\/p>\n<p>Bp Wies\u0142aw Mering po\u015bwi\u0119ci\u0142 dom dziecka prowadzony przez Caritas Diecezji W\u0142oc\u0142awskiej.Akt po\u015bwi\u0119cenia poprzedzi\u0142a\u00a0Koronka do Mi\u0142osierdzia Bo\u017cego. Nast\u0119pnie biskup w\u0142oc\u0142awski po\u015bwi\u0119ci\u0142 pomieszczenia domu dziecka. Specjalnie na t\u0119 okazj\u0119 podopieczni przygotowali wyst\u0119py artystyczne.<br \/>\nBiskup Mering wyrazi\u0142 rado\u015b\u0107 z powstania plac\u00f3wki przeznaczonej dla dzieci i wyrazi\u0142 nadziej\u0119, \u017ce &#8222;dzieci znajd\u0105 tutaj sw\u00f3j prawdziwy dom&#8221;. Do wychowawc\u00f3w i opiekun\u00f3w zaapelowa\u0142, aby &#8222;mi\u0142o\u015b\u0107, kt\u00f3r\u0105 B\u00f3g rozlewa w ich serca, przepe\u0142nia\u0142a ich ca\u0142\u0105 dzia\u0142alno\u015b\u0107 oraz by t\u0105 mi\u0142o\u015bci\u0105 obdarowywali swoich podopiecznych&#8221;.<\/p>\n<p>W spotkaniu uczestniczyli wszyscy mieszka\u0144cy i pracownicy domu dziecka, przedstawiciele Caritas Diecezji W\u0142oc\u0142awskiej z dyrektorem ks. Markiem Soboci\u0144skim, Maria Ignatowska &#8211; dyrektor Miejskiego O\u015brodka Pomocy Rodzinie i ks. Pawe\u0142 Szyma\u0144ski FDP &#8211; proboszcz parafii NSJ we W\u0142oc\u0142awku (na terenie kt\u00f3rej znajduje si\u0119 dom dziecka) oraz siostry ze Zgromadzenia Si\u00f3str Wsp\u00f3lnej Pracy od Niepokalanej z matk\u0105 generaln\u0105 s. Miriam Duniak na czele.<\/p>\n<p align=\"justify\">Dn. 16 lipca 2009 r. siostra Jolanta Go\u0142\u0119biowska ZSNM, dyrektor plac\u00f3wki zosta\u0142a wybrana Matk\u0105 Generaln\u0105 Zgromadzenia Si\u00f3str Wsp\u00f3lnej Pracy od Niepokalanej Maryi. Serdecznie gratulujemy wyboru i dzi\u0119kujemy za pos\u0142ug\u0119 w organizowaniu\u00a0 jak i prowadzeniu Domu. Obowi\u0105zki Dyrektora przej\u0119\u0142a s. Katarzyna Rawska. Szcz\u0119\u015b\u0107 Bo\u017ce na czas pos\u0142ugi w Domu Dziecka Caritas.<\/p>\n","protected":false},"excerpt":{"rendered":"<p>&#46;&#46;&#46;<\/p>\n","protected":false},"author":1,"featured_media":0,"parent":0,"menu_order":0,"comment_status":"closed","ping_status":"closed","template":"","meta":[],"_links":{"self":[{"href":"http:\/\/caritas.diecezja.wloclawek.pl\/index.php?rest_route=\/wp\/v2\/pages\/65"}],"collection":[{"href":"http:\/\/caritas.diecezja.wloclawek.pl\/index.php?rest_route=\/wp\/v2\/pages"}],"about":[{"href":"http:\/\/caritas.diecezja.wloclawek.pl\/index.php?rest_route=\/wp\/v2\/types\/page"}],"author":[{"embeddable":true,"href":"http:\/\/caritas.diecezja.wloclawek.pl\/index.php?rest_route=\/wp\/v2\/users\/1"}],"replies":[{"embeddable":true,"href":"http:\/\/caritas.diecezja.wloclawek.pl\/index.php?rest_route=%2Fwp%2Fv2%2Fcomments&post=65"}],"version-history":[{"count":13,"href":"http:\/\/caritas.diecezja.wloclawek.pl\/index.php?rest_route=\/wp\/v2\/pages\/65\/revisions"}],"predecessor-version":[{"id":3080,"href":"http:\/\/caritas.diecezja.wloclawek.pl\/index.php?rest_route=\/wp\/v2\/pages\/65\/revisions\/3080"}],"wp:attachment":[{"href":"http:\/\/caritas.diecezja.wloclawek.pl\/index.php?rest_route=%2Fwp%2Fv2%2Fmedia&parent=65"}],"curies":[{"name":"wp","href":"https:\/\/api.w.org\/{rel}","templated":true}]}}