{"id":61,"date":"2017-09-28T22:02:04","date_gmt":"2017-09-28T21:02:04","guid":{"rendered":"http:\/\/caritas.diecezja.wloclawek.pl\/?page_id=61"},"modified":"2021-09-27T13:36:27","modified_gmt":"2021-09-27T12:36:27","slug":"61-2","status":"publish","type":"page","link":"http:\/\/caritas.diecezja.wloclawek.pl\/?page_id=61","title":{"rendered":"Centrum Piel\u0119gnacyjne NZOZ Caritas"},"content":{"rendered":"<p><strong>Wypo\u017cyczalnia sprz\u0119tu rehabilitacyjnego<\/strong><\/p>\n<p>&nbsp;<\/p>\n<p><strong>adres: <\/strong>ul. Wojska Polskiego 2, 87-800 W\u0142oc\u0142awek<strong><br \/>\n<\/strong><\/p>\n<p><strong>tel.\/fax.: <\/strong>54 231 26 53 lub 518 014 550<\/p>\n<p>&nbsp;<\/p>\n<p><strong>\u00a0<\/strong><\/p>\n<p><img loading=\"lazy\" class=\"size-full wp-image-62 aligncenter\" src=\"http:\/\/caritas.diecezja.wloclawek.pl\/wp-content\/uploads\/2017\/09\/bemik0084.jpg\" alt=\"\" width=\"193\" height=\"243\" \/><strong>Centrum Piel\u0119gnacyjne<\/strong> Niepubliczny Zak\u0142ad Opieki Zdrowotnej Caritas zosta\u0142 <strong>powo\u0142any<\/strong> do \u017cycia przez Dyrektora Caritas Diecezji W\u0142oc\u0142awskiej ks. Marka Soboci\u0144skiego aktem o utworzeniu zak\u0142adu dnia <strong>25.09.2003r<\/strong>.<br \/>\nPo uzyskaniu stosownych zezwole\u0144 i przeprowadzeniu negocjacji z Narodowym Funduszem Zdrowia Zak\u0142ad <strong>rozpocz\u0105\u0142 dzia\u0142alno\u015b\u0107 od dnia 01.01.2004r<\/strong>. w zakresie piel\u0119gniarskiej opieki d\u0142ugoterminowej domowej.<br \/>\nJest to forma <strong>nieodp\u0142atnej opieki piel\u0119gniarskiej<\/strong>, w ramach kt\u00f3rej wykwalifikowane piel\u0119gniarki zapewniaj\u0105 opiek\u0105 ci\u0119\u017cko chorym, \u015bci\u015ble wsp\u00f3\u0142pracuj\u0105c z lekarzem rodzinnym i piel\u0119gniark\u0105 podstawowej opieki zdrowotnej oraz udzielaj\u0105 wsparcia rodzinie pacjenta w czasie trwania choroby.<\/p>\n<p>&nbsp;<\/p>\n<p>CO TO JEST PIEL\u0118GNIARSKA OPIEKA D\u0141UGOTERMINOWA?<br \/>\nPiel\u0119gniarska Opieka D\u0142ugoterminowa jest to opieka nad ob\u0142o\u017cnie i przewlekle chorymi przebywaj\u0105cymi w domu. Pacjenci w piel\u0119gniarskiej opiece d\u0142ugoterminowej nie wymagaj\u0105 hospitalizacji w oddzia\u0142ach lecznictwa stacjonarnego i z r\u00f3\u017cnych wzgl\u0119d\u00f3w nie chc\u0105 lub nie mog\u0105 przebywa\u0107 w zak\u0142adach opieki d\u0142ugoterminowej, a ze wzgl\u0119du na istniej\u0105ce problemy zdrowotne wymagaj\u0105 systematycznej i intensywnej opieki piel\u0119gniarskiej udzielanej w warunkach domowych i realizowanej we wsp\u00f3\u0142pracy z lekarzem podstawowej opieki zdrowotnej.<\/p>\n<p><strong>Celem piel\u0119gniarskiej opieki d\u0142ugoterminowej jest<\/strong>:<br \/>\n<strong>\u2022<\/strong> Zapewnienie \u015bwiadcze\u0144 piel\u0119gniarskich w \u015brodowisku domowym pacjentom ob\u0142o\u017cnie chorym,<br \/>\n<strong>\u2022<\/strong> Przygotowanie chorego (i jego rodziny) do samoopieki i samopiel\u0119gnacji, w tym kszta\u0142towanie umiej\u0119tno\u015bci w zakresie radzenia sobie z niepe\u0142nosprawno\u015bci\u0105.<\/p>\n<p>Do zada\u0144 piel\u0119gniarki opieki d\u0142ugoterminowej nale\u017cy:<br \/>\n<strong>\u2022<\/strong> Realizacja \u015bwiadcze\u0144 piel\u0119gniarskich zgodnie z procesem piel\u0119gnowania,<br \/>\n<strong>\u2022<\/strong> Pomoc w rozwi\u0105zywaniu problem\u00f3w zdrowotnych zwi\u0105zanych z samodzielnym funkcjonowaniem w \u015brodowisku domowym,<br \/>\n<strong>\u2022<\/strong> Edukacja zdrowotna os\u00f3b obj\u0119tych opiek\u0105 oraz cz\u0142onk\u00f3w ich rodzin,<br \/>\n<strong>\u2022<\/strong> Pomoc w pozyskiwaniu sprz\u0119tu medycznego i rehabilitacyjnego, niezb\u0119dnego do w\u0142a\u015bciwej piel\u0119gnacji i rehabilitacji chorego w domu.<\/p>\n<p>System kierowania chorego do piel\u0119gniarskiej opieki d\u0142ugoterminowej :<br \/>\nWarunkiem obj\u0119cia chorego opiek\u0105 przez piel\u0119gniarsk\u0105 opiek\u0119 d\u0142ugoterminow\u0105 jest:<br \/>\n<strong>\u2022<\/strong> Skierowanie lekarza podstawowej opieki zdrowotnej\/ rodzinnego lub,<br \/>\n<strong>\u2022<\/strong> Skierowanie lekarza prowadz\u0105cego pacjenta z oddzia\u0142u szpitalnego, po zako\u0144czonym procesie leczenia w warunkach szpitalnych oraz<br \/>\n<strong>\u2022<\/strong> kwalifikacja piel\u0119gniarska do obj\u0119cia opiek\u0105 przez piel\u0119gniark\u0119 opieki d\u0142ugoterminowej<br \/>\n<strong>\u2022<\/strong> zgoda pacjenta\/opiekuna chorego na obj\u0119cie opiek\u0105 wyra\u017cona na pi\u015bmie.<\/p>\n<p>Opiek\u0105 piel\u0119gniarsk\u0105 w domu mog\u0105 by\u0107 obj\u0119ci pacjenci przewlekle chorzy, unieruchomieni z powodu urazu lub przewlek\u0142ej choroby, niezdolni do samoopieki, kt\u00f3rzy w ocenie wg zmodyfikowanej skali Barthel uzyskali od 0 do 40 pkt i wymagaj\u0105 przynajmniej jednego z wymienionych \u015bwiadcze\u0144 piel\u0119gniarskich:<br \/>\n<strong>\u2022<\/strong> Kroplowego wlewu do\u017cylnego wynikaj\u0105cego ze sta\u0142ego zlecenia lekarskiego zwi\u0105zanego z prowadzonym procesem leczenia,<br \/>\n<strong>\u2022<\/strong> Wykonywania zabieg\u00f3w piel\u0119gnacyjno-leczniczych w stomiach, przetokach, odle\u017cynach, troficznych owrzodzeniach podudzi i trudno goj\u0105cych si\u0119 ranach,<br \/>\n<strong>\u2022<\/strong> Karmienie przez zg\u0142\u0119bnik i przez przetok\u0119,<br \/>\n<strong>\u2022<\/strong> P\u0142ukanie p\u0119cherza moczowego,<br \/>\n<strong>\u2022<\/strong> Piel\u0119gnacji pacjenta z rurk\u0105 tracheotomijn\u0105,<br \/>\n<strong>\u2022<\/strong> Zak\u0142adanie i usuwanie cewnika (sta\u0142e zlecenie lekarskie).<\/p>\n<p><strong>Zg\u0142oszenia przyjmujemy<\/strong><\/p>\n<p>osobi\u015bcie w Centrum Piel\u0119gnacyjnym NZOZ Caritas<br \/>\n<strong>ul. Wojska Polskiego 2<\/strong> we W\u0142oc\u0142awku od poniedzia\u0142ku do pi\u0105tku w godz. <strong>8.00-15.00 <\/strong><strong><br \/>\n<\/strong>lub <strong>telefonicznie<\/strong>: <strong>54 231 26 53, <\/strong><strong>518 014 550. <\/strong><\/p>\n<p><strong>Kierownik: Teresa Mi\u0142kowska &#8211; 518 014 560.<\/strong><br \/>\n(Formularze, kt\u00f3rych wype\u0142nienie jest konieczne do obj\u0119cia chorego piel\u0119gniarsk\u0105 opiek\u0105 d\u0142ugoterminow\u0105 mo\u017cna otrzyma\u0107 pod w\/w adresem.)<\/p>\n","protected":false},"excerpt":{"rendered":"<p>&#46;&#46;&#46;<\/p>\n","protected":false},"author":1,"featured_media":0,"parent":0,"menu_order":0,"comment_status":"closed","ping_status":"closed","template":"","meta":[],"_links":{"self":[{"href":"http:\/\/caritas.diecezja.wloclawek.pl\/index.php?rest_route=\/wp\/v2\/pages\/61"}],"collection":[{"href":"http:\/\/caritas.diecezja.wloclawek.pl\/index.php?rest_route=\/wp\/v2\/pages"}],"about":[{"href":"http:\/\/caritas.diecezja.wloclawek.pl\/index.php?rest_route=\/wp\/v2\/types\/page"}],"author":[{"embeddable":true,"href":"http:\/\/caritas.diecezja.wloclawek.pl\/index.php?rest_route=\/wp\/v2\/users\/1"}],"replies":[{"embeddable":true,"href":"http:\/\/caritas.diecezja.wloclawek.pl\/index.php?rest_route=%2Fwp%2Fv2%2Fcomments&post=61"}],"version-history":[{"count":8,"href":"http:\/\/caritas.diecezja.wloclawek.pl\/index.php?rest_route=\/wp\/v2\/pages\/61\/revisions"}],"predecessor-version":[{"id":3411,"href":"http:\/\/caritas.diecezja.wloclawek.pl\/index.php?rest_route=\/wp\/v2\/pages\/61\/revisions\/3411"}],"wp:attachment":[{"href":"http:\/\/caritas.diecezja.wloclawek.pl\/index.php?rest_route=%2Fwp%2Fv2%2Fmedia&parent=61"}],"curies":[{"name":"wp","href":"https:\/\/api.w.org\/{rel}","templated":true}]}}