{"id":202,"date":"2013-10-02T21:39:16","date_gmt":"2013-10-02T20:39:16","guid":{"rendered":"http:\/\/caritas.diecezja.wloclawek.pl\/?page_id=202"},"modified":"2024-01-19T10:17:11","modified_gmt":"2024-01-19T09:17:11","slug":"szkolne-kola-caritas","status":"publish","type":"page","link":"http:\/\/caritas.diecezja.wloclawek.pl\/?page_id=202","title":{"rendered":"Szkolne Ko\u0142a Caritas"},"content":{"rendered":"<p><strong><span style=\"color: #339966;\">Czym jest Szkolne Ko\u0142o Caritas? <\/span><\/strong><\/p>\n<p class=\"p1\" style=\"text-align: left;\" align=\"center\"><strong>Szkolne Ko\u0142o Caritas<\/strong> (SKC) to organizacja dzieci\u0119ca i m\u0142odzie\u017cowa dzia\u0142aj\u0105ca na terenie konkretnej Szko\u0142y, pod nadzorem Dyrekcji Szko\u0142y, pod egid\u0105 Opiekuna oraz w asy\u015bcie Ksi\u0119dza Katechety, w\u0142\u0105czaj\u0105ca si\u0119 na zasadzie wolontariatu w dzia\u0142alno\u015b\u0107 charytatywno &#8211; opieku\u0144czo &#8211; wychowawcz\u0105 prowadzon\u0105 przez CARITAS. Prawn\u0105 podstaw\u0105 powstawania Szkolnych K\u00f3\u0142 Caritas w plac\u00f3wkach o\u015bwiatowych jest art. 56 ustawy o systemie o\u015bwiaty z 7 wrze\u015bnia 1991 roku. Dzia\u0142alno\u015b\u0107 Szkolnego Ko\u0142a Caritas musi by\u0107 zgodna ze statutem szko\u0142y. Szkolne Ko\u0142o kieruje si\u0119 t\u0105 sam\u0105 motywacj\u0105 co Caritas diecezjalna oraz Parafialne Zespo\u0142y Caritas i wsp\u00f3\u0142pracuje z nimi w realizacji swoich cel\u00f3w.<\/p>\n<p><strong><span style=\"color: #339966;\">Opiekun Ko\u0142a <\/span><\/strong><\/p>\n<p>Ka\u017cde Szkolne Ko\u0142o Caritas musi mie\u0107 swojego opiekuna, kt\u00f3rym jest zazwyczaj nauczyciel zatrudniony w szkole. Odgrywa on istotn\u0105 funkcj\u0119 na etapie powstawania Ko\u0142a \u2013 jako jego inicjator lub przedstawiciel inicjatywy uczniowskiej w kontaktach z Dyrekcj\u0105 szko\u0142y i Caritas diecezji. P\u00f3\u017aniej jego rola polega na prowadzeniu i wspieraniu cz\u0142onk\u00f3w w tworzeniu koncepcji dzia\u0142ania Ko\u0142a oraz jej realizacji. Opiekun jest cz\u0142onkiem Szkolnego Ko\u0142a oraz cz\u0142onkiem Zarz\u0105du Ko\u0142a z g\u0142osem decyduj\u0105cym w sprawach Ko\u0142a.<\/p>\n<p><strong><span style=\"color: #339966;\">Asystent ko\u015bcielny<\/span><\/strong><\/p>\n<p><b><\/b>Sprawuje Opiek\u0119 duchow\u0105 nad Ko\u0142em. Czuwa nad tym, by dzia\u0142alno\u015b\u0107 Ko\u0142a by\u0142a zgodna z nauczaniem Ko\u015bcio\u0142a katolickiego i Regulaminem Ko\u0142a. Nadzoruje dzia\u0142alno\u015b\u0107 Ko\u0142a w imieniu Caritas. Jest nim najcz\u0119\u015bciej pracuj\u0105cy w szkole Ksi\u0105dz &#8211; katecheta b\u0105d\u017a wyznaczony przez Proboszcza &#8211; wikary.<\/p>\n<p><strong><span style=\"color: #339966;\">Czym zajmuje si\u0119 Szkolne Ko\u0142o Caritas?<\/span><\/strong><\/p>\n<p>Cz\u0142onkowie Szkolnego Ko\u0142a Caritas na miar\u0119 swoich mo\u017cliwo\u015bci:<\/p>\n<ul>\n<li>identyfikuj\u0105 w swym otoczeniu \u2013 szkolnym, s\u0105siedzkim i in. \u2013 osoby potrzebuj\u0105ce i \u015bwiadcz\u0105 im szeroko rozumian\u0105 pomoc (pomoc w nauce, pomoc w czynno\u015bciach \u017cycia codziennego, wsp\u00f3lne przedsi\u0119wzi\u0119cia w czasie wolnym, odwiedziny, pomoc materialna itp.);<\/li>\n<li>uwra\u017cliwiaj\u0105 spo\u0142eczno\u015b\u0107 szkoln\u0105 na r\u00f3\u017cne obszary ludzkiej biedy;<\/li>\n<li>anga\u017cuj\u0105 si\u0119 w prac\u0119 plac\u00f3wek wychowawczych i pomocowych dzia\u0142aj\u0105cych w ich \u015brodowisku (\u015bwietlice szkolne, \u015bwietlice \u015brodowiskowe, domy opieki i in.);<\/li>\n<li>wspieraj\u0105 dzia\u0142alno\u015b\u0107 charytatywn\u0105 lokalnej Caritas diecezjalnej i parafialnej przez uczestnictwo w ich dzia\u0142alno\u015bci i prowadzonych przez nie akcjach (np. kwestach, zbi\u00f3rkach \u017cywno\u015bci);<\/li>\n<li>stwarzaj\u0105 atmosfer\u0119 mobilizuj\u0105c\u0105 do pracy nad sob\u0105;<\/li>\n<li>d\u0105\u017c\u0105 do wszechstronnego rozwoju i kszta\u0142towania osobowo\u015bci m\u0142odego cz\u0142owieka odpowiedzialnego za Ko\u015bci\u00f3\u0142 oraz Ojczyzn\u0119;<\/li>\n<li>gorliwie uczestnicz\u0105 w katechezie, zg\u0142\u0119biaj\u0105 nauki Chrystusa \u2013 przede wszystkim o mi\u0142osierdziu Bo\u017cym oraz j\u0105 szerz\u0105;<\/li>\n<li>wsp\u00f3\u0142pracuj\u0105 i w\u0142\u0105czaj\u0105 si\u0119 w akcje prowadzone przez Caritas (np.: zbi\u00f3rki \u017cywno\u015bci &#8222;Tak. Pomagam!&#8221;, \u201eTydzie\u0144 Mi\u0142osierdzia\u201d, \u201e\u015aw. Miko\u0142aj\u201d, Wigilia i \u201e\u015awi\u0119cone\u201d dla os\u00f3b ubogich i samotnych, pomoc dla poszkodowanych w kataklizmach, sytuacjach losowych itp.);<\/li>\n<li>wsp\u00f3\u0142dzia\u0142aj\u0105 z innymi organizacjami m\u0142odzie\u017cowymi oraz z dzia\u0142alno\u015bci\u0105 charytatywn\u0105 i opieku\u0144cz\u0105 prowadzon\u0105 szczeg\u00f3lnie przez Parafialne Zespo\u0142y Caritas oraz przez inne organizacje.<\/li>\n<\/ul>\n<p><strong><span style=\"color: #339966;\">Szkolne Ko\u0142a Caritas realizuj\u0105 swoje zadania poprzez:<\/span><\/strong><\/p>\n<ul>\n<li>\u015brodki rozwijaj\u0105ce \u017cycie wiary (s\u0142uchanie S\u0142owa Bo\u017cego, gorliwe \u017cycie sakramentalne i s\u0142u\u017cenie innym);<\/li>\n<li>spotkania, zebrania, zjazdy, sympozja religijno-charytatywne, konferencje, prelekcje, pogadanki, dyskusje, kursy, szkolenia itp.;<\/li>\n<li>imprezy kulturalne (poezja, muzyka, \u015bpiew, akademie, wieczornice, przedstawienia, koncerty, konkursy, przegl\u0105dy, spotkania z zaproszonymi go\u015b\u0107mi, itp.);<\/li>\n<li>imprezy rekreacyjno-sportowe, festyny, loterie fantowe, aukcje itp.<\/li>\n<li>wystawy, gabloty, gazetki i czasopisma szkolne, kronik\u0119 itp.;<\/li>\n<li>udzia\u0142 w kwestach, zbi\u00f3rkach ofiar i dar\u00f3w organizowanych przez Caritas lub za zgod\u0105 Dyrektora Caritas pod nadzorem opiekuna Ko\u0142a;<\/li>\n<li>w\u0142\u0105czanie si\u0119 w prac\u0119 plac\u00f3wek charytatywnych, opieku\u0144czych i wychowawczych oraz podejmowanie pos\u0142ug na rzecz os\u00f3b potrzebuj\u0105cych pozostaj\u0105cych w domach;<\/li>\n<li>tworzenie i korzystanie z biblioteczki literatury religijnej i materia\u0142\u00f3w instrukta\u017cowych Caritas, itp.<\/li>\n<\/ul>\n<p><strong><span style=\"color: #339966;\">Cz\u0142onkowie Ko\u0142a maj\u0105 obowi\u0105zek:<\/span><\/strong><\/p>\n<ul>\n<li>\u017cy\u0107 i pracowa\u0107 w Kole zgodnie z zasadami wiary i moralno\u015bci Ko\u015bcio\u0142a katolickiego;<\/li>\n<li>d\u0105\u017cy\u0107 do urzeczywistnienia mi\u0142osierdzia chrze\u015bcija\u0144skiego, kt\u00f3re powinno realizowa\u0107 si\u0119 na trzech p\u0142aszczyznach (modlitwa \u2013 s\u0142owo mi\u0142osierne \u2013 czyn mi\u0142osierdzia);<\/li>\n<li>dba\u0107 o dobre imi\u0119 Ko\u015bcio\u0142a, Ojczyzny, Szko\u0142y i Ko\u0142a;<\/li>\n<li>wype\u0142nia\u0107 cele i zadania regulaminu, a tak\u017ce decyzje w\u0142adz Ko\u0142a, a nadto troszczy\u0107 si\u0119 o jego rozw\u00f3j,<\/li>\n<li>wykonywa\u0107 prace na rzecz Ko\u0142a i prace podejmowane przez Ko\u0142o;<\/li>\n<li>uczestniczy\u0107 w zebraniach Ko\u0142a;<\/li>\n<li>wp\u0142aca\u0107 sk\u0142adki cz\u0142onkowskie na rzecz Ko\u0142a, kt\u00f3rych form\u0119 ustali Ko\u0142o (regularnie sk\u0142adana niewielka kwota, okazjonalnie og\u0142aszana zbi\u00f3rka, dobrowolne ofiary).<\/li>\n<\/ul>\n<p><strong><span style=\"color: #339966;\">Korzy\u015bci p\u0142yn\u0105ce z\u00a0dzia\u0142ania Szkolnego Ko\u0142a Caritas<\/span><\/strong><\/p>\n<p>Prawid\u0142owo funkcjonuj\u0105ce Szkolne Ko\u0142o Caritas:<\/p>\n<ul>\n<li>stanowi realny wk\u0142ad w\u00a0budowanie lepszego \u015bwiata i\u00a0lepszych odniesie\u0144 mi\u0119dzyludzkich;<\/li>\n<li>wzbogaca i\u00a0urozmaica wychowawcze oddzia\u0142ywanie szko\u0142y;<\/li>\n<li>upowszechnia idee wolontariatu;<\/li>\n<li>wspiera rodzic\u00f3w w\u00a0pracy wychowawczej;<\/li>\n<li>umacnia m\u0142odych w\u00a0autentycznym prze\u017cywaniu wiary.<\/li>\n<\/ul>\n<p><strong><span style=\"color: #339966;\">Jak za\u0142o\u017cy\u0107 Szkolne Ko\u0142o Caritas? <\/span><\/strong><\/p>\n<p>Podstawowym warunkiem powstania Szkolnego Ko\u0142a Caritas jest wola jego za\u0142o\u017cenia przez grup\u0119 uczni\u00f3w szko\u0142y reprezentowanych przez opiekuna (nauczyciela zatrudnionego w szkole). Do powstania Ko\u0142a potrzebne jest zgoda i wsp\u00f3\u0142dzia\u0142anie Dyrektora szko\u0142y. Przychylaj\u0105c si\u0119 do wniosku grupy uczni\u00f3w o za\u0142o\u017cenie Ko\u0142a, Dyrektor szko\u0142y kieruje do Dyrektora Caritas Diecezji W\u0142oc\u0142awskiej wniosek o powo\u0142anie Szkolnego Ko\u0142a Caritas. Ko\u0142o powstaje z chwil\u0105 otrzymania przez Dyrektora szko\u0142y pisma z Caritas potwierdzaj\u0105cego wpis SKC do ewidencji.Kopia pisma wraz ze stosown\u0105 informacj\u0105 zostaje przes\u0142ana lokalnemu proboszczowi.<\/p>\n<p>Wniosek o utworzenie Szkolnego Ko\u0142a Caritas, regulamin Szkolnych K\u00f3\u0142 Caritas w diecezji w\u0142oc\u0142awskiej oraz deklaracja cz\u0142onkostwa znajduje si\u0119 poni\u017cej do pobrania:<\/p>\n<p><a href=\"http:\/\/caritas.diecezja.wloclawek.pl\/wp-content\/uploads\/2021\/10\/Wzor-wniosku-o-powolanie-SKC-zal.-nr-1.doc\" target=\"_blank\" rel=\"noopener\">Wz\u00f3r wniosku o powo\u0142anie SKC &#8211; za\u0142. nr 1<\/a><\/p>\n<p><a href=\"http:\/\/caritas.diecezja.wloclawek.pl\/wp-content\/uploads\/2021\/10\/REGULAMIN-Szkolnego-Kola-Caritas.docx\" target=\"_blank\" rel=\"noopener\">REGULAMIN Szkolnego Ko\u0142a Caritas<\/a><\/p>\n<p><a href=\"http:\/\/caritas.diecezja.wloclawek.pl\/wp-content\/uploads\/2021\/10\/Deklaracja-udzialu-w-SKC-zal.-nr-2.doc\" target=\"_blank\" rel=\"noopener\">Deklaracja udzia\u0142u w SKC &#8211; za\u0142. nr 2<\/a><\/p>\n","protected":false},"excerpt":{"rendered":"<p>&#46;&#46;&#46;<\/p>\n","protected":false},"author":1,"featured_media":0,"parent":0,"menu_order":0,"comment_status":"closed","ping_status":"closed","template":"","meta":[],"_links":{"self":[{"href":"http:\/\/caritas.diecezja.wloclawek.pl\/index.php?rest_route=\/wp\/v2\/pages\/202"}],"collection":[{"href":"http:\/\/caritas.diecezja.wloclawek.pl\/index.php?rest_route=\/wp\/v2\/pages"}],"about":[{"href":"http:\/\/caritas.diecezja.wloclawek.pl\/index.php?rest_route=\/wp\/v2\/types\/page"}],"author":[{"embeddable":true,"href":"http:\/\/caritas.diecezja.wloclawek.pl\/index.php?rest_route=\/wp\/v2\/users\/1"}],"replies":[{"embeddable":true,"href":"http:\/\/caritas.diecezja.wloclawek.pl\/index.php?rest_route=%2Fwp%2Fv2%2Fcomments&post=202"}],"version-history":[{"count":5,"href":"http:\/\/caritas.diecezja.wloclawek.pl\/index.php?rest_route=\/wp\/v2\/pages\/202\/revisions"}],"predecessor-version":[{"id":7930,"href":"http:\/\/caritas.diecezja.wloclawek.pl\/index.php?rest_route=\/wp\/v2\/pages\/202\/revisions\/7930"}],"wp:attachment":[{"href":"http:\/\/caritas.diecezja.wloclawek.pl\/index.php?rest_route=%2Fwp%2Fv2%2Fmedia&parent=202"}],"curies":[{"name":"wp","href":"https:\/\/api.w.org\/{rel}","templated":true}]}}